{"id":22991469,"date":"2025-06-17T09:03:26","date_gmt":"2025-06-17T09:03:26","guid":{"rendered":"https:\/\/costcare.cc\/certificates\/"},"modified":"2025-11-27T17:19:16","modified_gmt":"2025-11-27T17:19:16","slug":"certificates","status":"publish","type":"page","link":"https:\/\/costcare.cc\/de\/certificates\/","title":{"rendered":"Certificates"},"content":{"rendered":"<p>[et_pb_section fb_built=&#8220;1&#8243; custom_padding_last_edited=&#8220;on|tablet&#8220; _builder_version=&#8220;4.27.4&#8243; _module_preset=&#8220;default&#8220; background_color=&#8220;#FFFFFF&#8220; background_enable_image=&#8220;off&#8220; height_tablet=&#8220;auto&#8220; height_phone=&#8220;&#8220; height_last_edited=&#8220;on|desktop&#8220; custom_padding=&#8220;0px||10px|0px|false|false&#8220; custom_padding_tablet=&#8220;||0px||false|false&#8220; custom_padding_phone=&#8220;||0px||false|false&#8220; background_last_edited=&#8220;on|desktop&#8220; background_enable_image_tablet=&#8220;off&#8220; custom_css_main_element=&#8220;display:flex&#8220; global_colors_info=&#8220;{}&#8220;][et_pb_row column_structure=&#8220;1_2,1_2&#8243; use_custom_gutter=&#8220;on&#8220; gutter_width=&#8220;2&#8243; make_equal=&#8220;on&#8220; custom_padding_last_edited=&#8220;on|desktop&#8220; _builder_version=&#8220;4.27.3&#8243; _module_preset=&#8220;default&#8220; width_tablet=&#8220;&#8220; width_phone=&#8220;90%&#8220; width_last_edited=&#8220;on|phone&#8220; max_width=&#8220;2560px&#8220; height_tablet=&#8220;auto&#8220; height_phone=&#8220;auto&#8220; height_last_edited=&#8220;off|desktop&#8220; custom_padding=&#8220;||||false|false&#8220; custom_padding_tablet=&#8220;40px||2px||false|false&#8220; custom_padding_phone=&#8220;40px||2px||false|false&#8220; global_colors_info=&#8220;{}&#8220;][et_pb_column type=&#8220;1_2&#8243; _builder_version=&#8220;4.27.3&#8243; _module_preset=&#8220;default&#8220; global_colors_info=&#8220;{}&#8220;][et_pb_heading title=&#8220;Wir sind nach ISO 9001 und 27001 zertifiziert&#8220; _builder_version=&#8220;4.27.4&#8243; _module_preset=&#8220;default&#8220; title_font=&#8220;|600|||||||&#8220; title_font_size=&#8220;55px&#8220; title_line_height=&#8220;1.4em&#8220; title_font_size_tablet=&#8220;55px&#8220; title_font_size_phone=&#8220;28px&#8220; title_font_size_last_edited=&#8220;on|phone&#8220; global_colors_info=&#8220;{}&#8220;][\/et_pb_heading][et_pb_text _builder_version=&#8220;4.27.4&#8243; _module_preset=&#8220;default&#8220; custom_padding=&#8220;1px|||||&#8220; global_colors_info=&#8220;{}&#8220;]<\/p>\n<p>Um die Qualit\u00e4t unserer Produkte und Dienstleistungen f\u00fcr unsere Kunden zu best\u00e4tigen, haben wir uns f\u00fcr die Einf\u00fchrung eines Qualit\u00e4tsmanagementsystems entschieden und sind nun zertifiziert nach ISO 9001:2015 und 27001:2022.<\/p>\n<p>Ein erfolgreiches Audit der Zertifizierungsstelle CAi (Certification Assurance International) bei Contract Cost Care Ltd. best\u00e4tigt, dass wir die anspruchsvollen Anforderungen des Zertifizierungsaudits f\u00fcr unser Qualit\u00e4tsmanagementsystem nach den Normen ISO 9001:2015 und 27001:2022 erfolgreich erf\u00fcllt haben.<\/p>\n<p>Wir sind \u00fcberzeugt, dass unsere etablierten Prozesse nicht nur von unseren aktuellen, sondern auch von zuk\u00fcnftigen Kunden und Gesch\u00e4ftspartnern gesch\u00e4tzt werden.<\/p>\n<p>[\/et_pb_text][\/et_pb_column][et_pb_column type=&#8220;1_2&#8243; disabled_on=&#8220;off|off|off&#8220; _builder_version=&#8220;4.27.3&#8243; _module_preset=&#8220;default&#8220; global_colors_info=&#8220;{}&#8220;][et_pb_image src=&#8220;https:\/\/costcare.cc\/wp-content\/uploads\/2025\/07\/AB.png&#8220; alt=&#8220;Successfully Optimizing Vendor Contracts and Maintenance Costs&#8220; title_text=&#8220;AB&#8220; align=&#8220;center&#8220; _builder_version=&#8220;4.27.4&#8243; _module_preset=&#8220;default&#8220; width=&#8220;100%&#8220; custom_padding_tablet=&#8220;||50px||false|false&#8220; custom_padding_phone=&#8220;||50px||false|false&#8220; custom_padding_last_edited=&#8220;on|tablet&#8220; border_radii=&#8220;on|20px|20px|20px|20px&#8220; global_colors_info=&#8220;{}&#8220;][\/et_pb_image][\/et_pb_column][\/et_pb_row][\/et_pb_section][et_pb_section fb_built=&#8220;1&#8243; module_id=&#8220;case-studies&#8220; _builder_version=&#8220;4.27.4&#8243; _module_preset=&#8220;default&#8220; background_color=&#8220;#FFFFFF&#8220; locked=&#8220;off&#8220; global_colors_info=&#8220;{}&#8220;][et_pb_row column_structure=&#8220;1_2,1_2&#8243; make_equal=&#8220;on&#8220; _builder_version=&#8220;4.27.4&#8243; _module_preset=&#8220;default&#8220; width=&#8220;90%&#8220; max_width=&#8220;2560px&#8220; global_colors_info=&#8220;{}&#8220;][et_pb_column type=&#8220;1_2&#8243; _builder_version=&#8220;4.27.3&#8243; _module_preset=&#8220;default&#8220; border_width_right=&#8220;1px&#8220; border_color_right=&#8220;#c6c6c6&#8243; border_style_right=&#8220;dashed&#8220; border_width_right_tablet=&#8220;0px&#8220; border_width_right_phone=&#8220;0px&#8220; border_width_right_last_edited=&#8220;on|tablet&#8220; global_colors_info=&#8220;{}&#8220; custom_css_main_element_last_edited=&#8220;off|phone&#8220;][et_pb_image src=&#8220;https:\/\/costcare.cc\/wp-content\/uploads\/2025\/07\/CAI_ISO9001_logo.png&#8220; alt=&#8220;University Hospital Northern Germany&#8220; title_text=&#8220;CAI_ISO9001_logo&#8220; url=&#8220;https:\/\/costcare.cc\/ccc-iso-9001&#8243; _builder_version=&#8220;4.27.4&#8243; _module_preset=&#8220;default&#8220; width=&#8220;40%&#8220; width_tablet=&#8220;71%&#8220; width_phone=&#8220;71%&#8220; width_last_edited=&#8220;on|tablet&#8220; module_alignment=&#8220;center&#8220; custom_padding=&#8220;40px||||false|false&#8220; custom_padding_tablet=&#8220;&#8220; custom_padding_phone=&#8220;0px||||false|false&#8220; custom_padding_last_edited=&#8220;on|phone&#8220; border_radii=&#8220;on|15px|15px|15px|15px&#8220; global_colors_info=&#8220;{}&#8220;][\/et_pb_image][et_pb_text _builder_version=&#8220;4.27.4&#8243; _module_preset=&#8220;default&#8220; header_3_font=&#8220;|600|||||||&#8220; header_3_font_size=&#8220;26px&#8220; width_tablet=&#8220;100%&#8220; width_phone=&#8220;100%&#8220; width_last_edited=&#8220;on|phone&#8220; custom_margin=&#8220;|||3px||&#8220; custom_padding=&#8220;0px||||false|false&#8220; custom_padding_tablet=&#8220;39px|||||&#8220; custom_padding_phone=&#8220;0px||||false|false&#8220; custom_padding_last_edited=&#8220;on|phone&#8220; header_3_font_size_tablet=&#8220;26px&#8220; header_3_font_size_phone=&#8220;22px&#8220; header_3_font_size_last_edited=&#8220;on|phone&#8220; locked=&#8220;off&#8220; global_colors_info=&#8220;{}&#8220;]<\/p>\n<h3>ISO 9001:2015<\/h3>\n<p>Wir sind nach einem international anerkannten Standard f\u00fcr Qualit\u00e4tsmanagementsysteme (QMS) zertifiziert.<br \/>Es bietet uns einen Rahmen, um sicherzustellen, dass wir unsere Kunden- und regulatorischen Anforderungen konsequent erf\u00fcllen. Es unterst\u00fctzt CCC dabei, unsere Leistung zu verbessern und unser Engagement f\u00fcr Qualit\u00e4t unter Beweis zu stellen. Im Wesentlichen unterst\u00fctzt es unsere Dienstleistungen beim Aufbau eines Systems zur Gew\u00e4hrleistung einer gleichbleibenden Qualit\u00e4t unserer Produkte und Dienstleistungen.<br \/><a href=\"https:\/\/costcare.cc\/de\/ccc-iso-9001\/\">&gt;Zertifikat anzeigen<\/a><\/p>\n<p>[\/et_pb_text][\/et_pb_column][et_pb_column type=&#8220;1_2&#8243; _builder_version=&#8220;4.27.3&#8243; _module_preset=&#8220;default&#8220; global_colors_info=&#8220;{}&#8220; custom_css_main_element_last_edited=&#8220;off|tablet&#8220; custom_css_main_element_phone=&#8220;display:block;&#8220; custom_css_main_element_tablet=&#8220;display: flex||;&#8220;][et_pb_image src=&#8220;https:\/\/costcare.cc\/wp-content\/uploads\/2025\/07\/CAI_ISO27001_logo.jpeg&#8220; alt=&#8220;University Clinic, South-Germany&#8220; title_text=&#8220;CAI_ISO27001_logo&#8220; url=&#8220;https:\/\/costcare.cc\/ccc-iso-27001&#8243; align=&#8220;center&#8220; _builder_version=&#8220;4.27.4&#8243; _module_preset=&#8220;default&#8220; width=&#8220;40%&#8220; width_tablet=&#8220;71%&#8220; width_phone=&#8220;71%&#8220; width_last_edited=&#8220;on|tablet&#8220; custom_padding=&#8220;40px||||false|false&#8220; custom_padding_tablet=&#8220;&#8220; custom_padding_phone=&#8220;0px||||false|false&#8220; custom_padding_last_edited=&#8220;on|phone&#8220; border_radii=&#8220;on|15px|15px|15px|15px&#8220; locked=&#8220;off&#8220; global_colors_info=&#8220;{}&#8220;][\/et_pb_image][et_pb_text _builder_version=&#8220;4.27.4&#8243; _module_preset=&#8220;default&#8220; header_3_font=&#8220;|600|||||||&#8220; header_3_font_size=&#8220;26px&#8220; width_tablet=&#8220;100%&#8220; width_phone=&#8220;100%&#8220; width_last_edited=&#8220;on|phone&#8220; custom_margin=&#8220;|||3px||&#8220; custom_padding=&#8220;0px||||false|false&#8220; custom_padding_tablet=&#8220;39px|||||&#8220; custom_padding_phone=&#8220;0px||||false|false&#8220; custom_padding_last_edited=&#8220;on|phone&#8220; header_3_font_size_tablet=&#8220;26px&#8220; header_3_font_size_phone=&#8220;22px&#8220; header_3_font_size_last_edited=&#8220;on|phone&#8220; locked=&#8220;off&#8220; global_colors_info=&#8220;{}&#8220;]<\/p>\n<h3>ISO 27001:2022<\/h3>\n<p>Diese Zertifizierung zeigt unseren Kunden, dass wir nach einem f\u00fchrenden internationalen Standard f\u00fcr Informationssicherheits-Managementsysteme (ISMS) zertifiziert sind. Wir bieten einen Rahmen f\u00fcr die Einrichtung, Implementierung, Pflege und kontinuierliche Verbesserung unseres ISMS f\u00fcr Kliniken und Krankenh\u00e4user und tragen so zum Schutz der Vertraulichkeit, Integrit\u00e4t und Verf\u00fcgbarkeit unserer Kundendaten bei. Im Wesentlichen handelt es sich um einen risikobasierten Ansatz f\u00fcr das Management der Informationssicherheit, der unseren Kunden den sicheren Umgang mit sensiblen Daten durch CCC garantiert.<br \/><a href=\"https:\/\/costcare.cc\/de\/ccc-iso-27001\/\">&gt;Zertifikat anzeigen<\/a><\/p>\n<p>[\/et_pb_text][\/et_pb_column][\/et_pb_row][\/et_pb_section][et_pb_section fb_built=&#8220;1&#8243; _builder_version=&#8220;4.27.3&#8243; _module_preset=&#8220;default&#8220; background_color=&#8220;#d7eff7&#8243; width=&#8220;100%&#8220; locked=&#8220;off&#8220; global_colors_info=&#8220;{}&#8220;][et_pb_row _builder_version=&#8220;4.27.3&#8243; _module_preset=&#8220;default&#8220; width_tablet=&#8220;&#8220; width_phone=&#8220;90%&#8220; width_last_edited=&#8220;on|phone&#8220; global_colors_info=&#8220;{}&#8220;][et_pb_column type=&#8220;4_4&#8243; _builder_version=&#8220;4.27.3&#8243; _module_preset=&#8220;default&#8220; global_colors_info=&#8220;{}&#8220;][et_pb_heading title=&#8220;CCC Zertifikate&#8220; _builder_version=&#8220;4.27.4&#8243; _module_preset=&#8220;default&#8220; title_level=&#8220;h3&#8243; title_font=&#8220;|600|||||||&#8220; title_text_align=&#8220;center&#8220; title_font_size=&#8220;48px&#8220; title_line_height=&#8220;1.4em&#8220; hover_enabled=&#8220;0&#8243; title_font_size_tablet=&#8220;55px&#8220; title_font_size_phone=&#8220;26px&#8220; title_font_size_last_edited=&#8220;on|phone&#8220; locked=&#8220;off&#8220; global_colors_info=&#8220;{}&#8220; sticky_enabled=&#8220;0&#8243;][\/et_pb_heading][et_pb_text _builder_version=&#8220;4.27.4&#8243; _module_preset=&#8220;default&#8220; text_orientation=&#8220;center&#8220; text_orientation_tablet=&#8220;center&#8220; text_orientation_phone=&#8220;left&#8220; text_orientation_last_edited=&#8220;on|phone&#8220; locked=&#8220;off&#8220; global_colors_info=&#8220;{}&#8220;]<\/p>\n<p>Contract Cost Care garantiert exzellentes Vertragsmanagement mit regelm\u00e4\u00dfigen Wartungspr\u00fcfungen. Unsere kosteng\u00fcnstige Medtech-Beratung f\u00fcr Kliniken sorgt f\u00fcr transparente und effiziente Vertr\u00e4ge.<\/p>\n<p>[\/et_pb_text][\/et_pb_column][\/et_pb_row][et_pb_row column_structure=&#8220;1_2,1_2&#8243; use_custom_gutter=&#8220;on&#8220; gutter_width=&#8220;1&#8243; make_equal=&#8220;on&#8220; custom_padding_last_edited=&#8220;on|tablet&#8220; _builder_version=&#8220;4.27.3&#8243; _module_preset=&#8220;default&#8220; width=&#8220;86%&#8220; max_width=&#8220;2560px&#8220; custom_margin=&#8220;16px|auto||auto||&#8220; custom_margin_tablet=&#8220;-40px||||false|false&#8220; custom_margin_phone=&#8220;-40px||||false|false&#8220; custom_margin_last_edited=&#8220;on|tablet&#8220; custom_padding=&#8220;6px||4px|||&#8220; custom_padding_tablet=&#8220;0px||||false|false&#8220; custom_padding_phone=&#8220;30px||||false|false&#8220; locked=&#8220;off&#8220; global_colors_info=&#8220;{}&#8220;][et_pb_column type=&#8220;1_2&#8243; _builder_version=&#8220;4.27.3&#8243; _module_preset=&#8220;default&#8220; global_colors_info=&#8220;{}&#8220;][et_pb_text _builder_version=&#8220;4.27.4&#8243; _module_preset=&#8220;default&#8220; locked=&#8220;off&#8220; global_colors_info=&#8220;{}&#8220;]<\/p>\n<p>Dieses Contract Cost Care-Zertifikat steht f\u00fcr Transparenz, Fairness und Effizienz und unterstreicht Ihr Engagement f\u00fcr hohe Standards in Ihren Service- und Wartungsvertr\u00e4gen.<\/p>\n<p>Mit diesem Zertifikat beweist Ihr Unternehmen nicht nur finanzielle Verantwortung, sondern stellt auch sicher, dass die vertraglich vereinbarten Leistungen wie versprochen vollst\u00e4ndig erbracht werden. Die durch unser Audit erzielten Einsparungen erm\u00f6glichen eine optimierte Ressourcenverteilung, die Patienten und Mitarbeitern direkt zugutekommt.<\/p>\n<p>Die Zertifizierung ist mehr als nur ein Symbol \u2013 sie ist ein Beleg f\u00fcr Ihr Engagement f\u00fcr nachhaltiges und ethisches Vertragsmanagement und positioniert Ihr Unternehmen als Branchenf\u00fchrer.<\/p>\n<p>[\/et_pb_text][\/et_pb_column][et_pb_column type=&#8220;1_2&#8243; _builder_version=&#8220;4.27.3&#8243; _module_preset=&#8220;default&#8220; custom_css_main_element=&#8220;align-self:center;&#8220; global_colors_info=&#8220;{}&#8220; custom_css_main_element_tablet=&#8220;display: block||;&#8220; custom_css_main_element_phone=&#8220;display:block;&#8220; custom_css_main_element_last_edited=&#8220;on|phone&#8220;][et_pb_image src=&#8220;https:\/\/costcare.cc\/wp-content\/uploads\/2025\/02\/Certificate_Landscape-1-1.png&#8220; alt=&#8220;CCC Certificate&#8220; align=&#8220;center&#8220; align_tablet=&#8220;center&#8220; align_phone=&#8220;left&#8220; align_last_edited=&#8220;on|phone&#8220; _builder_version=&#8220;4.27.4&#8243; _module_preset=&#8220;default&#8220; width_tablet=&#8220;&#8220; width_phone=&#8220;70%&#8220; width_last_edited=&#8220;on|phone&#8220; custom_margin=&#8220;18px||0px|||&#8220; custom_padding=&#8220;0px||10px||false|false&#8220; custom_padding_tablet=&#8220;0px||10px||false|false&#8220; custom_padding_phone=&#8220;25px||25px||true|false&#8220; custom_padding_last_edited=&#8220;on|phone&#8220; global_colors_info=&#8220;{}&#8220;][\/et_pb_image][\/et_pb_column][\/et_pb_row][et_pb_row column_structure=&#8220;1_3,1_3,1_3&#8243; use_custom_gutter=&#8220;on&#8220; gutter_width=&#8220;1&#8243; make_equal=&#8220;on&#8220; _builder_version=&#8220;4.27.3&#8243; _module_preset=&#8220;default&#8220; width=&#8220;86%&#8220; max_width=&#8220;2560px&#8220; global_colors_info=&#8220;{}&#8220;][et_pb_column type=&#8220;1_3&#8243; _builder_version=&#8220;4.27.3&#8243; _module_preset=&#8220;default&#8220; global_colors_info=&#8220;{}&#8220;][et_pb_blurb title=&#8220;Wettbewerbsvorteil&#8220; use_icon=&#8220;on&#8220; font_icon=&#8220;&#x4e;||divi||400&#8243; icon_color=&#8220;#FFFFFF&#8220; image_icon_background_color=&#8220;#38cb89&#8243; icon_placement=&#8220;left&#8220; image_icon_width=&#8220;20px&#8220; _builder_version=&#8220;4.27.4&#8243; _module_preset=&#8220;default&#8220; header_font=&#8220;|600|||||||&#8220; image_icon_custom_padding=&#8220;2px|2px|2px|2px|true|true&#8220; width=&#8220;65%&#8220; width_tablet=&#8220;65%&#8220; width_phone=&#8220;65%&#8220; width_last_edited=&#8220;on|tablet&#8220; module_alignment=&#8220;center&#8220; border_radii_image=&#8220;on|5px|5px|5px|5px&#8220; global_colors_info=&#8220;{}&#8220;][\/et_pb_blurb][\/et_pb_column][et_pb_column type=&#8220;1_3&#8243; _builder_version=&#8220;4.27.3&#8243; _module_preset=&#8220;default&#8220; global_colors_info=&#8220;{}&#8220;][et_pb_blurb title=&#8220;Internes Vertrauen (Finanzen, Investoren)&#8220; use_icon=&#8220;on&#8220; font_icon=&#8220;&#x4e;||divi||400&#8243; icon_color=&#8220;#FFFFFF&#8220; image_icon_background_color=&#8220;#38cb89&#8243; icon_placement=&#8220;left&#8220; image_icon_width=&#8220;20px&#8220; _builder_version=&#8220;4.27.4&#8243; _module_preset=&#8220;default&#8220; header_font=&#8220;|600|||||||&#8220; image_icon_custom_padding=&#8220;2px|2px|2px|2px|true|true&#8220; width=&#8220;100%&#8220; width_tablet=&#8220;100%&#8220; width_phone=&#8220;100%&#8220; width_last_edited=&#8220;on|desktop&#8220; module_alignment=&#8220;center&#8220; min_height_tablet=&#8220;&#8220; min_height_phone=&#8220;&#8220; min_height_last_edited=&#8220;on|desktop&#8220; custom_padding_tablet=&#8220;&#8220; custom_padding_phone=&#8220;15px||||false|false&#8220; custom_padding_last_edited=&#8220;on|phone&#8220; border_radii_image=&#8220;on|5px|5px|5px|5px&#8220; global_colors_info=&#8220;{}&#8220;][\/et_pb_blurb][\/et_pb_column][et_pb_column type=&#8220;1_3&#8243; _builder_version=&#8220;4.27.3&#8243; _module_preset=&#8220;default&#8220; global_colors_info=&#8220;{}&#8220;][et_pb_blurb title=&#8220;Hebelwirkung mit Anbietern&#8220; use_icon=&#8220;on&#8220; font_icon=&#8220;&#x4e;||divi||400&#8243; icon_color=&#8220;#FFFFFF&#8220; image_icon_background_color=&#8220;#38cb89&#8243; icon_placement=&#8220;left&#8220; image_icon_width=&#8220;20px&#8220; _builder_version=&#8220;4.27.4&#8243; _module_preset=&#8220;default&#8220; header_font=&#8220;|600|||||||&#8220; image_icon_custom_padding=&#8220;2px|2px|2px|2px|true|true&#8220; width=&#8220;65%&#8220; width_tablet=&#8220;65%&#8220; width_phone=&#8220;65%&#8220; width_last_edited=&#8220;on|desktop&#8220; module_alignment=&#8220;center&#8220; border_radii_image=&#8220;on|5px|5px|5px|5px&#8220; global_colors_info=&#8220;{}&#8220;][\/et_pb_blurb][\/et_pb_column][\/et_pb_row][\/et_pb_section]<\/p>\n","protected":false},"excerpt":{"rendered":"<p>Um die Qualit\u00e4t unserer Produkte und Dienstleistungen f\u00fcr unsere Kunden zu best\u00e4tigen, haben wir uns f\u00fcr die Einf\u00fchrung eines Qualit\u00e4tsmanagementsystems entschieden und sind nun zertifiziert nach ISO 9001:2015 und 27001:2022. Ein erfolgreiches Audit der Zertifizierungsstelle CAi (Certification Assurance International) bei Contract Cost Care Ltd. best\u00e4tigt, dass wir die anspruchsvollen Anforderungen des Zertifizierungsaudits f\u00fcr unser Qualit\u00e4tsmanagementsystem [&hellip;]<\/p>\n","protected":false},"author":7,"featured_media":0,"parent":0,"menu_order":0,"comment_status":"closed","ping_status":"closed","template":"","meta":{"_et_pb_use_builder":"on","_et_pb_old_content":"","_et_gb_content_width":"","footnotes":""},"dipi_cpt_category":[],"difl_page_category":[],"class_list":["post-22991469","page","type-page","status-publish","hentry"],"yoast_head":"<!-- This site is optimized with the Yoast SEO Premium plugin v27.6 (Yoast SEO v27.6) - https:\/\/yoast.com\/product\/yoast-seo-premium-wordpress\/ -->\n<title>Affordable MedTech Consulting for Clinics | Periodic Maintenance Inspection<\/title>\n<meta name=\"description\" content=\"CostCare empowers clients with affordable medtech consulting for clinics and check periodic maintenance inspection services, ensuring cost-effective solutions for healthcare facilities. Discover our impact today.\" \/>\n<meta name=\"robots\" content=\"index, follow, max-snippet:-1, max-image-preview:large, max-video-preview:-1\" \/>\n<link rel=\"canonical\" href=\"https:\/\/costcare.cc\/de\/certificates\/\" \/>\n<meta property=\"og:locale\" content=\"de_DE\" \/>\n<meta property=\"og:type\" content=\"article\" \/>\n<meta property=\"og:title\" content=\"Certificates\" \/>\n<meta property=\"og:description\" content=\"CostCare empowers clients with affordable medtech consulting for clinics and check periodic maintenance inspection services, ensuring cost-effective solutions for healthcare facilities. Discover our impact today.\" \/>\n<meta property=\"og:url\" content=\"https:\/\/costcare.cc\/de\/certificates\/\" \/>\n<meta property=\"og:site_name\" content=\"Contract Cost Care Ltd.\" \/>\n<meta property=\"article:modified_time\" content=\"2025-11-27T17:19:16+00:00\" \/>\n<meta name=\"twitter:card\" content=\"summary_large_image\" \/>\n<meta name=\"twitter:label1\" content=\"Gesch\u00e4tzte Lesezeit\" \/>\n\t<meta name=\"twitter:data1\" content=\"3\u00a0Minuten\" \/>\n<script type=\"application\/ld+json\" class=\"yoast-schema-graph\">{\"@context\":\"https:\\\/\\\/schema.org\",\"@graph\":[{\"@type\":\"WebPage\",\"@id\":\"https:\\\/\\\/costcare.cc\\\/de\\\/certificates\\\/\",\"url\":\"https:\\\/\\\/costcare.cc\\\/de\\\/certificates\\\/\",\"name\":\"Affordable MedTech Consulting for Clinics | Periodic Maintenance Inspection\",\"isPartOf\":{\"@id\":\"https:\\\/\\\/costcare.cc\\\/#website\"},\"datePublished\":\"2025-06-17T09:03:26+00:00\",\"dateModified\":\"2025-11-27T17:19:16+00:00\",\"description\":\"CostCare empowers clients with affordable medtech consulting for clinics and check periodic maintenance inspection services, ensuring cost-effective solutions for healthcare facilities. Discover our impact today.\",\"breadcrumb\":{\"@id\":\"https:\\\/\\\/costcare.cc\\\/de\\\/certificates\\\/#breadcrumb\"},\"inLanguage\":\"de\",\"potentialAction\":[{\"@type\":\"ReadAction\",\"target\":[\"https:\\\/\\\/costcare.cc\\\/de\\\/certificates\\\/\"]}]},{\"@type\":\"BreadcrumbList\",\"@id\":\"https:\\\/\\\/costcare.cc\\\/de\\\/certificates\\\/#breadcrumb\",\"itemListElement\":[{\"@type\":\"ListItem\",\"position\":1,\"name\":\"Home\",\"item\":\"https:\\\/\\\/costcare.cc\\\/\"},{\"@type\":\"ListItem\",\"position\":2,\"name\":\"Certificates\"}]},{\"@type\":\"WebSite\",\"@id\":\"https:\\\/\\\/costcare.cc\\\/#website\",\"url\":\"https:\\\/\\\/costcare.cc\\\/\",\"name\":\"Contract Care\",\"description\":\"maximum efficiency and cost saving for your medical treatment systems\",\"publisher\":{\"@id\":\"https:\\\/\\\/costcare.cc\\\/#organization\"},\"potentialAction\":[{\"@type\":\"SearchAction\",\"target\":{\"@type\":\"EntryPoint\",\"urlTemplate\":\"https:\\\/\\\/costcare.cc\\\/?s={search_term_string}\"},\"query-input\":{\"@type\":\"PropertyValueSpecification\",\"valueRequired\":true,\"valueName\":\"search_term_string\"}}],\"inLanguage\":\"de\"},{\"@type\":\"Organization\",\"@id\":\"https:\\\/\\\/costcare.cc\\\/#organization\",\"name\":\"Contract Care\",\"url\":\"https:\\\/\\\/costcare.cc\\\/\",\"logo\":{\"@type\":\"ImageObject\",\"inLanguage\":\"de\",\"@id\":\"https:\\\/\\\/costcare.cc\\\/#\\\/schema\\\/logo\\\/image\\\/\",\"url\":\"https:\\\/\\\/costcare.cc\\\/wp-content\\\/uploads\\\/2024\\\/12\\\/logo.svg\",\"contentUrl\":\"https:\\\/\\\/costcare.cc\\\/wp-content\\\/uploads\\\/2024\\\/12\\\/logo.svg\",\"width\":1094,\"height\":441,\"caption\":\"Contract Care\"},\"image\":{\"@id\":\"https:\\\/\\\/costcare.cc\\\/#\\\/schema\\\/logo\\\/image\\\/\"}}]}<\/script>\n<!-- \/ Yoast SEO Premium plugin. -->","yoast_head_json":{"title":"Affordable MedTech Consulting for Clinics | Periodic Maintenance Inspection","description":"CostCare empowers clients with affordable medtech consulting for clinics and check periodic maintenance inspection services, ensuring cost-effective solutions for healthcare facilities. Discover our impact today.","robots":{"index":"index","follow":"follow","max-snippet":"max-snippet:-1","max-image-preview":"max-image-preview:large","max-video-preview":"max-video-preview:-1"},"canonical":"https:\/\/costcare.cc\/de\/certificates\/","og_locale":"de_DE","og_type":"article","og_title":"Certificates","og_description":"CostCare empowers clients with affordable medtech consulting for clinics and check periodic maintenance inspection services, ensuring cost-effective solutions for healthcare facilities. Discover our impact today.","og_url":"https:\/\/costcare.cc\/de\/certificates\/","og_site_name":"Contract Cost Care Ltd.","article_modified_time":"2025-11-27T17:19:16+00:00","twitter_card":"summary_large_image","twitter_misc":{"Gesch\u00e4tzte Lesezeit":"3\u00a0Minuten"},"schema":{"@context":"https:\/\/schema.org","@graph":[{"@type":"WebPage","@id":"https:\/\/costcare.cc\/de\/certificates\/","url":"https:\/\/costcare.cc\/de\/certificates\/","name":"Affordable MedTech Consulting for Clinics | Periodic Maintenance Inspection","isPartOf":{"@id":"https:\/\/costcare.cc\/#website"},"datePublished":"2025-06-17T09:03:26+00:00","dateModified":"2025-11-27T17:19:16+00:00","description":"CostCare empowers clients with affordable medtech consulting for clinics and check periodic maintenance inspection services, ensuring cost-effective solutions for healthcare facilities. Discover our impact today.","breadcrumb":{"@id":"https:\/\/costcare.cc\/de\/certificates\/#breadcrumb"},"inLanguage":"de","potentialAction":[{"@type":"ReadAction","target":["https:\/\/costcare.cc\/de\/certificates\/"]}]},{"@type":"BreadcrumbList","@id":"https:\/\/costcare.cc\/de\/certificates\/#breadcrumb","itemListElement":[{"@type":"ListItem","position":1,"name":"Home","item":"https:\/\/costcare.cc\/"},{"@type":"ListItem","position":2,"name":"Certificates"}]},{"@type":"WebSite","@id":"https:\/\/costcare.cc\/#website","url":"https:\/\/costcare.cc\/","name":"Contract Care","description":"maximum efficiency and cost saving for your medical treatment systems","publisher":{"@id":"https:\/\/costcare.cc\/#organization"},"potentialAction":[{"@type":"SearchAction","target":{"@type":"EntryPoint","urlTemplate":"https:\/\/costcare.cc\/?s={search_term_string}"},"query-input":{"@type":"PropertyValueSpecification","valueRequired":true,"valueName":"search_term_string"}}],"inLanguage":"de"},{"@type":"Organization","@id":"https:\/\/costcare.cc\/#organization","name":"Contract Care","url":"https:\/\/costcare.cc\/","logo":{"@type":"ImageObject","inLanguage":"de","@id":"https:\/\/costcare.cc\/#\/schema\/logo\/image\/","url":"https:\/\/costcare.cc\/wp-content\/uploads\/2024\/12\/logo.svg","contentUrl":"https:\/\/costcare.cc\/wp-content\/uploads\/2024\/12\/logo.svg","width":1094,"height":441,"caption":"Contract Care"},"image":{"@id":"https:\/\/costcare.cc\/#\/schema\/logo\/image\/"}}]}},"_links":{"self":[{"href":"https:\/\/costcare.cc\/de\/wp-json\/wp\/v2\/pages\/22991469","targetHints":{"allow":["GET"]}}],"collection":[{"href":"https:\/\/costcare.cc\/de\/wp-json\/wp\/v2\/pages"}],"about":[{"href":"https:\/\/costcare.cc\/de\/wp-json\/wp\/v2\/types\/page"}],"author":[{"embeddable":true,"href":"https:\/\/costcare.cc\/de\/wp-json\/wp\/v2\/users\/7"}],"replies":[{"embeddable":true,"href":"https:\/\/costcare.cc\/de\/wp-json\/wp\/v2\/comments?post=22991469"}],"version-history":[{"count":8,"href":"https:\/\/costcare.cc\/de\/wp-json\/wp\/v2\/pages\/22991469\/revisions"}],"predecessor-version":[{"id":22991583,"href":"https:\/\/costcare.cc\/de\/wp-json\/wp\/v2\/pages\/22991469\/revisions\/22991583"}],"wp:attachment":[{"href":"https:\/\/costcare.cc\/de\/wp-json\/wp\/v2\/media?parent=22991469"}],"wp:term":[{"taxonomy":"dipi_cpt_category","embeddable":true,"href":"https:\/\/costcare.cc\/de\/wp-json\/wp\/v2\/dipi_cpt_category?post=22991469"},{"taxonomy":"difl_page_category","embeddable":true,"href":"https:\/\/costcare.cc\/de\/wp-json\/wp\/v2\/difl_page_category?post=22991469"}],"curies":[{"name":"wp","href":"https:\/\/api.w.org\/{rel}","templated":true}]}}