{"id":22991185,"date":"2025-03-19T23:52:04","date_gmt":"2025-03-19T23:52:04","guid":{"rendered":"https:\/\/costcare.cc\/?page_id=22991185"},"modified":"2025-03-19T23:52:08","modified_gmt":"2025-03-19T23:52:08","slug":"agb","status":"publish","type":"page","link":"https:\/\/costcare.cc\/de\/agb\/","title":{"rendered":"AGB"},"content":{"rendered":"<p>[et_pb_section fb_built=&#8220;1&#8243; _builder_version=&#8220;4.27.4&#8243; _module_preset=&#8220;default&#8220; global_colors_info=&#8220;{}&#8220; locked=&#8220;off&#8220; theme_builder_area=&#8220;post_content&#8220;][et_pb_row _builder_version=&#8220;4.27.4&#8243; _module_preset=&#8220;default&#8220; global_colors_info=&#8220;{}&#8220; theme_builder_area=&#8220;post_content&#8220;][et_pb_column type=&#8220;4_4&#8243; _builder_version=&#8220;4.27.4&#8243; _module_preset=&#8220;default&#8220; global_colors_info=&#8220;{}&#8220; theme_builder_area=&#8220;post_content&#8220;][et_pb_text _builder_version=&#8220;4.27.4&#8243; _module_preset=&#8220;default&#8220; global_colors_info=&#8220;{}&#8220; theme_builder_area=&#8220;post_content&#8220;]<\/p>\n<div class=\"et_pb_column et_pb_column_4_4 et_pb_column_1 et_pb_css_mix_blend_mode_passthrough et-last-child\">\n<div class=\"et_pb_module et_pb_text et_pb_text_0 et_pb_text_align_left et_pb_bg_layout_light\">\n<div class=\"et_pb_text_inner\">\n<p style=\"box-sizing: border-box; margin: 0px; padding: 0px 0px 1em; border: 0px; outline: 0px; font-size: 18px; text-size-adjust: 100%; vertical-align: baseline; background: #ffffff; color: #666666; font-family: 'Open Sans', Arial, sans-serif; font-style: normal; font-variant-ligatures: normal; font-variant-caps: normal; font-weight: 500; letter-spacing: normal; orphans: 2; text-align: left; text-indent: 0px; text-transform: none; widows: 2; word-spacing: 0px; -webkit-text-stroke-width: 0px; white-space: normal; text-decoration-thickness: initial; text-decoration-style: initial; text-decoration-color: initial;\">\n<h4 style=\"box-sizing: border-box; margin: 0px; padding: 0px 0px 10px; border: 0px; outline: 0px; font-size: 18px; text-size-adjust: 100%; vertical-align: baseline; background: #ffffff; color: #333333; line-height: 1em; font-weight: 400; font-family: Poppins, Helvetica, Arial, Lucida, sans-serif; font-style: normal; font-variant-ligatures: normal; font-variant-caps: normal; letter-spacing: normal; orphans: 2; text-align: left; text-indent: 0px; text-transform: none; widows: 2; word-spacing: 0px; -webkit-text-stroke-width: 0px; white-space: normal; text-decoration-thickness: initial; text-decoration-style: initial; text-decoration-color: initial;\"><strong style=\"box-sizing: border-box; margin: 0px; padding: 0px; border: 0px; outline: 0px; font-size: 18px; text-size-adjust: 100%; vertical-align: baseline; background: transparent; font-weight: bold;\"><span style=\"box-sizing: border-box; margin: 0px; padding: 0px; border: 0px; outline: 0px; font-size: 18px; text-size-adjust: 100%; vertical-align: inherit; background: transparent;\">Allgemeine Gesch\u00e4ftsbedingungen (AGB)<\/span><\/strong><\/h4>\n<p style=\"box-sizing: border-box; margin: 0px; padding: 0px 0px 1em; border: 0px; outline: 0px; font-size: 18px; text-size-adjust: 100%; vertical-align: baseline; background: #ffffff; color: #666666; font-family: 'Open Sans', Arial, sans-serif; font-style: normal; font-variant-ligatures: normal; font-variant-caps: normal; font-weight: 500; letter-spacing: normal; orphans: 2; text-align: left; text-indent: 0px; text-transform: none; widows: 2; word-spacing: 0px; -webkit-text-stroke-width: 0px; white-space: normal; text-decoration-thickness: initial; text-decoration-style: initial; text-decoration-color: initial;\">\n<ol style=\"box-sizing: border-box; margin: 0px; padding: 0px 0px 23px; border: 0px; outline: 0px; font-size: 18px; text-size-adjust: 100%; vertical-align: baseline; background: #ffffff; list-style: inside decimal; line-height: 26px; color: #666666; font-family: 'Open Sans', Arial, sans-serif; font-style: normal; font-variant-ligatures: normal; font-variant-caps: normal; font-weight: 500; letter-spacing: normal; orphans: 2; text-align: left; text-indent: 0px; text-transform: none; widows: 2; word-spacing: 0px; -webkit-text-stroke-width: 0px; white-space: normal; text-decoration-thickness: initial; text-decoration-style: initial; text-decoration-color: initial;\">\n<li style=\"box-sizing: border-box; margin: 0px; padding: 0px; border: 0px; outline: 0px; font-size: 18px; text-size-adjust: 100%; vertical-align: baseline; background: transparent;\"><span style=\"box-sizing: border-box; margin: 0px; padding: 0px; border: 0px; outline: 0px; font-size: 18px; text-size-adjust: 100%; vertical-align: inherit; background: transparent;\">Geltungsbereich: Diese Allgemeinen Gesch\u00e4ftsbedingungen gelten f\u00fcr alle zwischen der CONTRACT COST CARE LTD (nachfolgend \u201eBeratungsunternehmen\u201c genannt) und ihren Kunden (nachfolgend \u201eKunde\u201c genannt) geschlossenen Vertr\u00e4ge, soweit nicht ausdr\u00fccklich schriftlich etwas anderes vereinbart wurde.<\/span><\/li>\n<li style=\"box-sizing: border-box; margin: 0px; padding: 0px; border: 0px; outline: 0px; font-size: 18px; text-size-adjust: 100%; vertical-align: baseline; background: transparent;\"><span style=\"box-sizing: border-box; margin: 0px; padding: 0px; border: 0px; outline: 0px; font-size: 18px; text-size-adjust: 100%; vertical-align: inherit; background: transparent;\">Leistungsumfang Das Beratungsunternehmen bietet Beratungsleistungen, Workshops, Schulungen sowie Leistungen im Bereich Wartung und Support an, die in Wartungsvertr\u00e4gen Ma\u00dfnahmen zur Effizienzsteigerung und Kostensenkung beinhalten. Der konkrete Leistungsumfang ergibt sich aus dem zwischen dem Kunden und dem Beratungsunternehmen geschlossenen Vertrag bzw. aus der Auftragsbest\u00e4tigung.\u00a0<\/span><\/li>\n<li style=\"box-sizing: border-box; margin: 0px; padding: 0px; border: 0px; outline: 0px; font-size: 18px; text-size-adjust: 100%; vertical-align: baseline; background: transparent;\"><span style=\"box-sizing: border-box; margin: 0px; padding: 0px; border: 0px; outline: 0px; font-size: 18px; text-size-adjust: 100%; vertical-align: inherit; background: transparent;\">Vertragsabschluss Ein Vertrag kommt durch die schriftliche Best\u00e4tigung des Angebots durch das Beratungsunternehmen oder durch Unterzeichnung eines schriftlichen Vertrages zustande. M\u00fcndliche Vereinbarungen sind nur wirksam, wenn sie schriftlich best\u00e4tigt werden.\u00a0<\/span><\/li>\n<li style=\"box-sizing: border-box; margin: 0px; padding: 0px; border: 0px; outline: 0px; font-size: 18px; text-size-adjust: 100%; vertical-align: baseline; background: transparent;\"><span style=\"box-sizing: border-box; margin: 0px; padding: 0px; border: 0px; outline: 0px; font-size: 18px; text-size-adjust: 100%; vertical-align: inherit; background: transparent;\">Honorar und Zahlungsbedingungen Die H\u00f6he des Honorars und die Zahlungsbedingungen werden individuell zwischen dem Kunden und dem Beratungsunternehmen vereinbart und sind in der jeweiligen Auftragsbest\u00e4tigung bzw. dem Vertrag festgelegt. Die Zahlung des Honorars erfolgt gem\u00e4\u00df den vereinbarten Zahlungsbedingungen.\u00a0<\/span><\/li>\n<li style=\"box-sizing: border-box; margin: 0px; padding: 0px; border: 0px; outline: 0px; font-size: 18px; text-size-adjust: 100%; vertical-align: baseline; background: transparent;\"><span style=\"box-sizing: border-box; margin: 0px; padding: 0px; border: 0px; outline: 0px; font-size: 18px; text-size-adjust: 100%; vertical-align: inherit; background: transparent;\">Haftung Die Beratungsgesellschaft haftet nur f\u00fcr Sch\u00e4den, die durch grobe Fahrl\u00e4ssigkeit oder Vorsatz verursacht wurden. Jegliche Haftung f\u00fcr indirekte Sch\u00e4den oder Folgesch\u00e4den ist ausgeschlossen.\u00a0<\/span><\/li>\n<li style=\"box-sizing: border-box; margin: 0px; padding: 0px; border: 0px; outline: 0px; font-size: 18px; text-size-adjust: 100%; vertical-align: baseline; background: transparent;\"><span style=\"box-sizing: border-box; margin: 0px; padding: 0px; border: 0px; outline: 0px; font-size: 18px; text-size-adjust: 100%; vertical-align: inherit; background: transparent;\">Vertraulichkeit Das Beratungsunternehmen verpflichtet sich, s\u00e4mtliche Informationen des Kunden vertraulich zu behandeln und nicht an Dritte weiterzugeben, sofern nicht ausdr\u00fccklich schriftlich etwas anderes vereinbart wurde oder gesetzliche Bestimmungen dies vorschreiben.\u00a0<\/span><\/li>\n<li style=\"box-sizing: border-box; margin: 0px; padding: 0px; border: 0px; outline: 0px; font-size: 18px; text-size-adjust: 100%; vertical-align: baseline; background: transparent;\"><span style=\"box-sizing: border-box; margin: 0px; padding: 0px; border: 0px; outline: 0px; font-size: 18px; text-size-adjust: 100%; vertical-align: inherit; background: transparent;\">Datenschutz Das Beratungsunternehmen verpflichtet sich, die datenschutzrechtlichen Bestimmungen gem\u00e4\u00df den geltenden gesetzlichen Bestimmungen einzuhalten. Personenbezogene Daten werden ausschlie\u00dflich zum Zwecke der Vertragserf\u00fcllung verwendet und nicht an Dritte weitergegeben, es sei denn, der Kunde hat ausdr\u00fccklich eingewilligt.\u00a0<\/span><\/li>\n<li style=\"box-sizing: border-box; margin: 0px; padding: 0px; border: 0px; outline: 0px; font-size: 18px; text-size-adjust: 100%; vertical-align: baseline; background: transparent;\"><span style=\"box-sizing: border-box; margin: 0px; padding: 0px; border: 0px; outline: 0px; font-size: 18px; text-size-adjust: 100%; vertical-align: inherit; background: transparent;\">Schlussbestimmungen Es gilt das Recht der Republik Zypern unter Ausschluss des UN-Kaufrechts (CISG). Gerichtsstand f\u00fcr alle Streitigkeiten aus oder im Zusammenhang mit diesem Vertrag ist Limassol, Zypern. Sollten einzelne Bestimmungen dieser AGB unwirksam sein oder werden, so wird hierdurch die Wirksamkeit der \u00fcbrigen Bestimmungen nicht ber\u00fchrt. Die unwirksame Bestimmung ist durch eine wirksame zu ersetzen, die ihrem Sinn und Zweck am n\u00e4chsten kommt. Mit der Beauftragung des Beratungsunternehmens erkl\u00e4rt sich der Kunde mit diesen Allgemeinen Gesch\u00e4ftsbedingungen einverstanden.<\/span><\/li>\n<\/ol>\n<p style=\"box-sizing: border-box; margin: 0px; padding: 0px 0px 1em; border: 0px; outline: 0px; font-size: 18px; text-size-adjust: 100%; vertical-align: baseline; background: #ffffff; color: #666666; font-family: 'Open Sans', Arial, sans-serif; font-style: normal; font-variant-ligatures: normal; font-variant-caps: normal; font-weight: 500; letter-spacing: normal; orphans: 2; text-align: left; text-indent: 0px; text-transform: none; widows: 2; word-spacing: 0px; -webkit-text-stroke-width: 0px; white-space: normal; text-decoration-thickness: initial; text-decoration-style: initial; text-decoration-color: initial;\">\n<p style=\"box-sizing: border-box; margin: 0px; padding: 0px 0px 1em; border: 0px; outline: 0px; font-size: 18px; text-size-adjust: 100%; vertical-align: baseline; background: #ffffff; color: #666666; font-family: 'Open Sans', Arial, sans-serif; font-style: normal; font-variant-ligatures: normal; font-variant-caps: normal; font-weight: 500; letter-spacing: normal; orphans: 2; text-align: left; text-indent: 0px; text-transform: none; widows: 2; word-spacing: 0px; -webkit-text-stroke-width: 0px; white-space: normal; text-decoration-thickness: initial; text-decoration-style: initial; text-decoration-color: initial;\"><span style=\"box-sizing: border-box; margin: 0px; padding: 0px; border: 0px; outline: 0px; font-size: 18px; text-size-adjust: 100%; vertical-align: inherit; background: transparent;\">KONTRASTKOSTENPFLEGE LTD<\/span><\/p>\n<p style=\"box-sizing: border-box; margin: 0px; padding: 0px 0px 1em; border: 0px; outline: 0px; font-size: 18px; text-size-adjust: 100%; vertical-align: baseline; background: #ffffff; color: #666666; font-family: 'Open Sans', Arial, sans-serif; font-style: normal; font-variant-ligatures: normal; font-variant-caps: normal; font-weight: 500; letter-spacing: normal; orphans: 2; text-align: left; text-indent: 0px; text-transform: none; widows: 2; word-spacing: 0px; -webkit-text-stroke-width: 0px; white-space: normal; text-decoration-thickness: initial; text-decoration-style: initial; text-decoration-color: initial;\"><span style=\"box-sizing: border-box; margin: 0px; padding: 0px; border: 0px; outline: 0px; font-size: 18px; text-size-adjust: 100%; vertical-align: inherit; background: transparent;\">Sitz der Gesellschaft: Limassol, Zypern<\/span><\/p>\n<p style=\"box-sizing: border-box; margin: 0px; padding: 0px; border: 0px; outline: 0px; font-size: 18px; text-size-adjust: 100%; vertical-align: baseline; background: #ffffff; color: #666666; font-family: 'Open Sans', Arial, sans-serif; font-style: normal; font-variant-ligatures: normal; font-variant-caps: normal; font-weight: 500; letter-spacing: normal; orphans: 2; text-align: left; text-indent: 0px; text-transform: none; widows: 2; word-spacing: 0px; -webkit-text-stroke-width: 0px; white-space: normal; text-decoration-thickness: initial; text-decoration-style: initial; text-decoration-color: initial;\"><span style=\"box-sizing: border-box; margin: 0px; padding: 0px; border: 0px; outline: 0px; font-size: 18px; text-size-adjust: 100%; vertical-align: inherit; background: transparent;\">Datum der letzten AGB-Aktualisierung: 30. August 2024<\/span><\/p>\n<\/div>\n<\/div>\n<\/div>\n<p>[\/et_pb_text][\/et_pb_column][\/et_pb_row][\/et_pb_section]<\/p>\n","protected":false},"excerpt":{"rendered":"<p>Allgemeine Gesch\u00e4ftsbedingungen (AGB) Geltungsbereich: Diese Allgemeinen Gesch\u00e4ftsbedingungen gelten f\u00fcr alle zwischen der CONTRACT COST CARE LTD (nachfolgend \u201eBeratungsunternehmen\u201c genannt) und ihren Kunden (nachfolgend \u201eKunde\u201c genannt) geschlossenen Vertr\u00e4ge, soweit nicht ausdr\u00fccklich schriftlich etwas anderes vereinbart wurde. Leistungsumfang Das Beratungsunternehmen bietet Beratungsleistungen, Workshops, Schulungen sowie Leistungen im Bereich Wartung und Support an, die in Wartungsvertr\u00e4gen Ma\u00dfnahmen zur [&hellip;]<\/p>\n","protected":false},"author":1,"featured_media":0,"parent":0,"menu_order":0,"comment_status":"closed","ping_status":"closed","template":"","meta":{"_et_pb_use_builder":"on","_et_pb_old_content":"","_et_gb_content_width":"","footnotes":""},"dipi_cpt_category":[],"difl_page_category":[],"class_list":["post-22991185","page","type-page","status-publish","hentry"],"yoast_head":"<!-- This site is optimized with the Yoast SEO Premium plugin v27.6 (Yoast SEO v27.6) - https:\/\/yoast.com\/product\/yoast-seo-premium-wordpress\/ -->\n<title>AGB - Contract Cost Care Ltd.<\/title>\n<meta name=\"robots\" content=\"index, follow, max-snippet:-1, max-image-preview:large, max-video-preview:-1\" \/>\n<link rel=\"canonical\" href=\"https:\/\/costcare.cc\/de\/agb\/\" \/>\n<meta property=\"og:locale\" content=\"de_DE\" \/>\n<meta property=\"og:type\" content=\"article\" \/>\n<meta property=\"og:title\" content=\"AGB\" \/>\n<meta property=\"og:description\" content=\"Allgemeine Gesch\u00e4ftsbedingungen (AGB) Geltungsbereich: Diese Allgemeinen Gesch\u00e4ftsbedingungen gelten f\u00fcr alle zwischen der CONTRACT COST CARE LTD (nachfolgend \u201eBeratungsunternehmen\u201c genannt) und ihren Kunden (nachfolgend \u201eKunde\u201c genannt) geschlossenen Vertr\u00e4ge, soweit nicht ausdr\u00fccklich schriftlich etwas anderes vereinbart wurde. Leistungsumfang Das Beratungsunternehmen bietet Beratungsleistungen, Workshops, Schulungen sowie Leistungen im Bereich Wartung und Support an, die in Wartungsvertr\u00e4gen Ma\u00dfnahmen zur [&hellip;]\" \/>\n<meta property=\"og:url\" content=\"https:\/\/costcare.cc\/de\/agb\/\" \/>\n<meta property=\"og:site_name\" content=\"Contract Cost Care Ltd.\" \/>\n<meta property=\"article:modified_time\" content=\"2025-03-19T23:52:08+00:00\" \/>\n<meta name=\"twitter:card\" content=\"summary_large_image\" \/>\n<meta name=\"twitter:label1\" content=\"Gesch\u00e4tzte Lesezeit\" \/>\n\t<meta name=\"twitter:data1\" content=\"2\u00a0Minuten\" \/>\n<script type=\"application\/ld+json\" class=\"yoast-schema-graph\">{\"@context\":\"https:\\\/\\\/schema.org\",\"@graph\":[{\"@type\":\"WebPage\",\"@id\":\"https:\\\/\\\/costcare.cc\\\/de\\\/agb\\\/\",\"url\":\"https:\\\/\\\/costcare.cc\\\/de\\\/agb\\\/\",\"name\":\"AGB - Contract Cost Care Ltd.\",\"isPartOf\":{\"@id\":\"https:\\\/\\\/costcare.cc\\\/#website\"},\"datePublished\":\"2025-03-19T23:52:04+00:00\",\"dateModified\":\"2025-03-19T23:52:08+00:00\",\"breadcrumb\":{\"@id\":\"https:\\\/\\\/costcare.cc\\\/de\\\/agb\\\/#breadcrumb\"},\"inLanguage\":\"de\",\"potentialAction\":[{\"@type\":\"ReadAction\",\"target\":[\"https:\\\/\\\/costcare.cc\\\/de\\\/agb\\\/\"]}]},{\"@type\":\"BreadcrumbList\",\"@id\":\"https:\\\/\\\/costcare.cc\\\/de\\\/agb\\\/#breadcrumb\",\"itemListElement\":[{\"@type\":\"ListItem\",\"position\":1,\"name\":\"Home\",\"item\":\"https:\\\/\\\/costcare.cc\\\/\"},{\"@type\":\"ListItem\",\"position\":2,\"name\":\"AGB\"}]},{\"@type\":\"WebSite\",\"@id\":\"https:\\\/\\\/costcare.cc\\\/#website\",\"url\":\"https:\\\/\\\/costcare.cc\\\/\",\"name\":\"Contract Care\",\"description\":\"maximum efficiency and cost saving for your medical treatment systems\",\"publisher\":{\"@id\":\"https:\\\/\\\/costcare.cc\\\/#organization\"},\"potentialAction\":[{\"@type\":\"SearchAction\",\"target\":{\"@type\":\"EntryPoint\",\"urlTemplate\":\"https:\\\/\\\/costcare.cc\\\/?s={search_term_string}\"},\"query-input\":{\"@type\":\"PropertyValueSpecification\",\"valueRequired\":true,\"valueName\":\"search_term_string\"}}],\"inLanguage\":\"de\"},{\"@type\":\"Organization\",\"@id\":\"https:\\\/\\\/costcare.cc\\\/#organization\",\"name\":\"Contract Care\",\"url\":\"https:\\\/\\\/costcare.cc\\\/\",\"logo\":{\"@type\":\"ImageObject\",\"inLanguage\":\"de\",\"@id\":\"https:\\\/\\\/costcare.cc\\\/#\\\/schema\\\/logo\\\/image\\\/\",\"url\":\"https:\\\/\\\/costcare.cc\\\/wp-content\\\/uploads\\\/2024\\\/12\\\/logo.svg\",\"contentUrl\":\"https:\\\/\\\/costcare.cc\\\/wp-content\\\/uploads\\\/2024\\\/12\\\/logo.svg\",\"width\":1094,\"height\":441,\"caption\":\"Contract Care\"},\"image\":{\"@id\":\"https:\\\/\\\/costcare.cc\\\/#\\\/schema\\\/logo\\\/image\\\/\"}}]}<\/script>\n<!-- \/ Yoast SEO Premium plugin. -->","yoast_head_json":{"title":"AGB - Contract Cost Care Ltd.","robots":{"index":"index","follow":"follow","max-snippet":"max-snippet:-1","max-image-preview":"max-image-preview:large","max-video-preview":"max-video-preview:-1"},"canonical":"https:\/\/costcare.cc\/de\/agb\/","og_locale":"de_DE","og_type":"article","og_title":"AGB","og_description":"Allgemeine Gesch\u00e4ftsbedingungen (AGB) Geltungsbereich: Diese Allgemeinen Gesch\u00e4ftsbedingungen gelten f\u00fcr alle zwischen der CONTRACT COST CARE LTD (nachfolgend \u201eBeratungsunternehmen\u201c genannt) und ihren Kunden (nachfolgend \u201eKunde\u201c genannt) geschlossenen Vertr\u00e4ge, soweit nicht ausdr\u00fccklich schriftlich etwas anderes vereinbart wurde. Leistungsumfang Das Beratungsunternehmen bietet Beratungsleistungen, Workshops, Schulungen sowie Leistungen im Bereich Wartung und Support an, die in Wartungsvertr\u00e4gen Ma\u00dfnahmen zur [&hellip;]","og_url":"https:\/\/costcare.cc\/de\/agb\/","og_site_name":"Contract Cost Care Ltd.","article_modified_time":"2025-03-19T23:52:08+00:00","twitter_card":"summary_large_image","twitter_misc":{"Gesch\u00e4tzte Lesezeit":"2\u00a0Minuten"},"schema":{"@context":"https:\/\/schema.org","@graph":[{"@type":"WebPage","@id":"https:\/\/costcare.cc\/de\/agb\/","url":"https:\/\/costcare.cc\/de\/agb\/","name":"AGB - Contract Cost Care Ltd.","isPartOf":{"@id":"https:\/\/costcare.cc\/#website"},"datePublished":"2025-03-19T23:52:04+00:00","dateModified":"2025-03-19T23:52:08+00:00","breadcrumb":{"@id":"https:\/\/costcare.cc\/de\/agb\/#breadcrumb"},"inLanguage":"de","potentialAction":[{"@type":"ReadAction","target":["https:\/\/costcare.cc\/de\/agb\/"]}]},{"@type":"BreadcrumbList","@id":"https:\/\/costcare.cc\/de\/agb\/#breadcrumb","itemListElement":[{"@type":"ListItem","position":1,"name":"Home","item":"https:\/\/costcare.cc\/"},{"@type":"ListItem","position":2,"name":"AGB"}]},{"@type":"WebSite","@id":"https:\/\/costcare.cc\/#website","url":"https:\/\/costcare.cc\/","name":"Contract Care","description":"maximum efficiency and cost saving for your medical treatment systems","publisher":{"@id":"https:\/\/costcare.cc\/#organization"},"potentialAction":[{"@type":"SearchAction","target":{"@type":"EntryPoint","urlTemplate":"https:\/\/costcare.cc\/?s={search_term_string}"},"query-input":{"@type":"PropertyValueSpecification","valueRequired":true,"valueName":"search_term_string"}}],"inLanguage":"de"},{"@type":"Organization","@id":"https:\/\/costcare.cc\/#organization","name":"Contract Care","url":"https:\/\/costcare.cc\/","logo":{"@type":"ImageObject","inLanguage":"de","@id":"https:\/\/costcare.cc\/#\/schema\/logo\/image\/","url":"https:\/\/costcare.cc\/wp-content\/uploads\/2024\/12\/logo.svg","contentUrl":"https:\/\/costcare.cc\/wp-content\/uploads\/2024\/12\/logo.svg","width":1094,"height":441,"caption":"Contract Care"},"image":{"@id":"https:\/\/costcare.cc\/#\/schema\/logo\/image\/"}}]}},"_links":{"self":[{"href":"https:\/\/costcare.cc\/de\/wp-json\/wp\/v2\/pages\/22991185","targetHints":{"allow":["GET"]}}],"collection":[{"href":"https:\/\/costcare.cc\/de\/wp-json\/wp\/v2\/pages"}],"about":[{"href":"https:\/\/costcare.cc\/de\/wp-json\/wp\/v2\/types\/page"}],"author":[{"embeddable":true,"href":"https:\/\/costcare.cc\/de\/wp-json\/wp\/v2\/users\/1"}],"replies":[{"embeddable":true,"href":"https:\/\/costcare.cc\/de\/wp-json\/wp\/v2\/comments?post=22991185"}],"version-history":[{"count":3,"href":"https:\/\/costcare.cc\/de\/wp-json\/wp\/v2\/pages\/22991185\/revisions"}],"predecessor-version":[{"id":22991189,"href":"https:\/\/costcare.cc\/de\/wp-json\/wp\/v2\/pages\/22991185\/revisions\/22991189"}],"wp:attachment":[{"href":"https:\/\/costcare.cc\/de\/wp-json\/wp\/v2\/media?parent=22991185"}],"wp:term":[{"taxonomy":"dipi_cpt_category","embeddable":true,"href":"https:\/\/costcare.cc\/de\/wp-json\/wp\/v2\/dipi_cpt_category?post=22991185"},{"taxonomy":"difl_page_category","embeddable":true,"href":"https:\/\/costcare.cc\/de\/wp-json\/wp\/v2\/difl_page_category?post=22991185"}],"curies":[{"name":"wp","href":"https:\/\/api.w.org\/{rel}","templated":true}]}}