{"id":22990988,"date":"2025-03-12T14:47:59","date_gmt":"2025-03-12T14:47:59","guid":{"rendered":"https:\/\/costcare.cc\/?page_id=22990988"},"modified":"2026-04-27T10:12:21","modified_gmt":"2026-04-27T10:12:21","slug":"impressum","status":"publish","type":"page","link":"https:\/\/costcare.cc\/de\/impressum\/","title":{"rendered":"Impressum"},"content":{"rendered":"<p>[et_pb_section fb_built=&#8220;1&#8243; _builder_version=&#8220;4.27.4&#8243; _module_preset=&#8220;default&#8220; global_colors_info=&#8220;{}&#8220;][et_pb_row _builder_version=&#8220;4.27.4&#8243; _module_preset=&#8220;default&#8220; global_colors_info=&#8220;{}&#8220;][et_pb_column type=&#8220;4_4&#8243; _builder_version=&#8220;4.27.4&#8243; _module_preset=&#8220;default&#8220; global_colors_info=&#8220;{}&#8220;][et_pb_text _builder_version=&#8220;4.27.5&#8243; _module_preset=&#8220;default&#8220; hover_enabled=&#8220;0&#8243; global_colors_info=&#8220;{}&#8220; sticky_enabled=&#8220;0&#8243;]<\/p>\n<p style=\"box-sizing: border-box; margin: 0px; padding: 0px 0px 1em; border: 0px; outline: 0px; font-size: 18px; text-size-adjust: 100%; vertical-align: baseline; background: #ffffff; color: #666666; font-family: 'Open Sans', Arial, sans-serif; font-style: normal; font-variant-ligatures: normal; font-variant-caps: normal; font-weight: 500; letter-spacing: normal; orphans: 2; text-align: left; text-indent: 0px; text-transform: none; widows: 2; word-spacing: 0px; -webkit-text-stroke-width: 0px; white-space: normal; text-decoration-thickness: initial; text-decoration-style: initial; text-decoration-color: initial;\"><span style=\"box-sizing: border-box; margin: 0px; padding: 0px; border: 0px; outline: 0px; font-size: 18px; text-size-adjust: 100%; vertical-align: inherit; background: transparent;\">CONTRACT COST CARE LTD<\/span><br style=\"box-sizing: border-box;\" \/><span style=\"box-sizing: border-box; margin: 0px; padding: 0px; border: 0px; outline: 0px; font-size: 18px; text-size-adjust: 100%; vertical-align: inherit; background: transparent;\">Mytilinis 46<\/span><br style=\"box-sizing: border-box;\" \/>3048 Limassol<br \/>Zypern<br style=\"box-sizing: border-box;\" \/><span style=\"box-sizing: border-box; margin: 0px; padding: 0px; border: 0px; outline: 0px; font-size: 18px; text-size-adjust: 100%; vertical-align: inherit; background: transparent;\">Tel: +4982145546399<\/span><br style=\"box-sizing: border-box;\" \/>Mail: contract(at)costcare.cc<br \/>General Manager: Zoran Popov<\/p>\n<p style=\"box-sizing: border-box; margin: 0px; padding: 0px 0px 1em; border: 0px; outline: 0px; font-size: 18px; text-size-adjust: 100%; vertical-align: baseline; background: #ffffff; color: #666666; font-family: 'Open Sans', Arial, sans-serif; font-style: normal; font-variant-ligatures: normal; font-variant-caps: normal; font-weight: 500; letter-spacing: normal; orphans: 2; text-align: left; text-indent: 0px; text-transform: none; widows: 2; word-spacing: 0px; -webkit-text-stroke-width: 0px; white-space: normal; text-decoration-thickness: initial; text-decoration-style: initial; text-decoration-color: initial;\"><span style=\"box-sizing: border-box; margin: 0px; padding: 0px; border: 0px; outline: 0px; font-size: 18px; text-size-adjust: 100%; vertical-align: inherit; background: transparent;\">Handelsregister: Hauptregister Nikosia, Zypern<\/span><br style=\"box-sizing: border-box;\" \/><span style=\"box-sizing: border-box; margin: 0px; padding: 0px; border: 0px; outline: 0px; font-size: 18px; text-size-adjust: 100%; vertical-align: inherit; background: transparent;\">Firmenbuchnummer: HE 465057<\/span><br style=\"box-sizing: border-box;\" \/><span style=\"box-sizing: border-box; margin: 0px; padding: 0px; border: 0px; outline: 0px; font-size: 18px; text-size-adjust: 100%; vertical-align: inherit; background: transparent;\">USt-IdNr.: CY60096576Q<\/span><br style=\"box-sizing: border-box;\" \/><span style=\"box-sizing: border-box; margin: 0px; padding: 0px; border: 0px; outline: 0px; font-size: 18px; text-size-adjust: 100%; vertical-align: inherit; background: transparent;\">Bankverbindung: Hellenic Bank, Limassol<\/span><br style=\"box-sizing: border-box;\" \/>IBAN: CY420050027500027501H5359401<br \/>BIC\/SWIFT: HEBACY2N<\/p>\n<p style=\"box-sizing: border-box; margin: 0px; padding: 0px 0px 1em; border: 0px; outline: 0px; font-size: 18px; text-size-adjust: 100%; vertical-align: baseline; background: #ffffff; color: #666666; font-family: 'Open Sans', Arial, sans-serif; font-style: normal; font-variant-ligatures: normal; font-variant-caps: normal; font-weight: 500; letter-spacing: normal; orphans: 2; text-align: left; text-indent: 0px; text-transform: none; widows: 2; word-spacing: 0px; -webkit-text-stroke-width: 0px; white-space: normal; text-decoration-thickness: initial; text-decoration-style: initial; text-decoration-color: initial;\"><span style=\"box-sizing: border-box; margin: 0px; padding: 0px; border: 0px; outline: 0px; font-size: 18px; text-size-adjust: 100%; vertical-align: inherit; background: transparent;\">Kontaktdaten des Datenschutzbeauftragten: Zoran Popov<\/span><br style=\"box-sizing: border-box;\" \/>dataprotect(at)costcare.cc<br \/>Impressum: https:\/\/costcare.cc\/de\/impressum &gt;&gt;&gt; and for EN-site https:\/\/costcare.cc\/imprint<br \/>Website, Umsetzung und Design: CCC Ltd.<br \/>Fotos: canva.com<\/p>\n<p style=\"box-sizing: border-box; margin: 0px; padding: 0px 0px 1em; border: 0px; outline: 0px; font-size: 18px; text-size-adjust: 100%; vertical-align: baseline; background: #ffffff; color: #666666; font-family: 'Open Sans', Arial, sans-serif; font-style: normal; font-variant-ligatures: normal; font-variant-caps: normal; font-weight: 500; letter-spacing: normal; orphans: 2; text-align: left; text-indent: 0px; text-transform: none; widows: 2; word-spacing: 0px; -webkit-text-stroke-width: 0px; white-space: normal; text-decoration-thickness: initial; text-decoration-style: initial; text-decoration-color: initial;\"><span style=\"box-sizing: border-box; margin: 0px; padding: 0px; border: 0px; outline: 0px; font-size: 18px; text-size-adjust: 100%; vertical-align: inherit; background: transparent;\">Haftungsausschluss f\u00fcr Website-Inhalte:<\/span><br style=\"box-sizing: border-box;\" \/><span style=\"box-sizing: border-box; margin: 0px; padding: 0px; border: 0px; outline: 0px; font-size: 18px; text-size-adjust: 100%; vertical-align: inherit; background: transparent;\">Wir sind stets bem\u00fcht, die Inhalte dieser Website korrekt und aktuell zu halten. F\u00fcr die Richtigkeit aller Informationen, insbesondere der von Dritten bereitgestellten Inhalte, \u00fcbernehmen wir jedoch keine Gew\u00e4hr. Als Diensteanbieter sind wir nicht verpflichtet, die von Ihnen \u00fcbermittelten oder gespeicherten Informationen zu \u00fcberwachen oder nach Umst\u00e4nden zu forschen, die auf eine rechtswidrige T\u00e4tigkeit hinweisen. Unsere Verpflichtungen zur Entfernung oder Sperrung von Informationen nach geltendem Recht bleiben unber\u00fchrt, auch wenn wir f\u00fcr diese Informationen nicht verantwortlich sind. Sollten Ihnen problematische oder rechtswidrige Inhalte auffallen, bitten wir Sie, uns umgehend zu kontaktieren, damit wir diese entfernen k\u00f6nnen. Die Kontaktdaten finden Sie im Impressum.<\/span><\/p>\n<p style=\"box-sizing: border-box; margin: 0px; padding: 0px 0px 1em; border: 0px; outline: 0px; font-size: 18px; text-size-adjust: 100%; vertical-align: baseline; background: #ffffff; color: #666666; font-family: 'Open Sans', Arial, sans-serif; font-style: normal; font-variant-ligatures: normal; font-variant-caps: normal; font-weight: 500; letter-spacing: normal; orphans: 2; text-align: left; text-indent: 0px; text-transform: none; widows: 2; word-spacing: 0px; -webkit-text-stroke-width: 0px; white-space: normal; text-decoration-thickness: initial; text-decoration-style: initial; text-decoration-color: initial;\"><span style=\"box-sizing: border-box; margin: 0px; padding: 0px; border: 0px; outline: 0px; font-size: 18px; text-size-adjust: 100%; vertical-align: inherit; background: transparent;\">Haftungsausschluss f\u00fcr Links:<\/span><br style=\"box-sizing: border-box;\" \/><span style=\"box-sizing: border-box; margin: 0px; padding: 0px; border: 0px; outline: 0px; font-size: 18px; text-size-adjust: 100%; vertical-align: inherit; background: transparent;\">Unsere Webseite enth\u00e4lt Links zu anderen Webseiten, f\u00fcr deren Inhalt wir nicht verantwortlich sind. Wir \u00fcbernehmen daher keine Haftung f\u00fcr die Inhalte der verlinkten Webseiten, da uns keine Kenntnis oder Vermutung rechtswidriger Inhalte vorlag. Sollten Ihnen rechtswidrige Links auf unserer Webseite auffallen, bitten wir Sie, uns zu kontaktieren. Die Kontaktdaten finden Sie im Impressum.<\/span><\/p>\n<p style=\"box-sizing: border-box; margin: 0px; padding: 0px 0px 1em; border: 0px; outline: 0px; font-size: 18px; text-size-adjust: 100%; vertical-align: baseline; background: #ffffff; color: #666666; font-family: 'Open Sans', Arial, sans-serif; font-style: normal; font-variant-ligatures: normal; font-variant-caps: normal; font-weight: 500; letter-spacing: normal; orphans: 2; text-align: left; text-indent: 0px; text-transform: none; widows: 2; word-spacing: 0px; -webkit-text-stroke-width: 0px; white-space: normal; text-decoration-thickness: initial; text-decoration-style: initial; text-decoration-color: initial;\"><span style=\"box-sizing: border-box; margin: 0px; padding: 0px; border: 0px; outline: 0px; font-size: 18px; text-size-adjust: 100%; vertical-align: inherit; background: transparent;\">Urheberrechtshinweis:<\/span><br style=\"box-sizing: border-box;\" \/><span style=\"box-sizing: border-box; margin: 0px; padding: 0px; border: 0px; outline: 0px; font-size: 18px; text-size-adjust: 100%; vertical-align: inherit; background: transparent;\">Alle Inhalte dieser Website (Bilder, Fotos, Texte, Videos) sind urheberrechtlich gesch\u00fctzt. Bitte kontaktieren Sie uns, bevor Sie Inhalte dieser Website verbreiten, vervielf\u00e4ltigen oder anderweitig verwenden, beispielsweise durch erneute Ver\u00f6ffentlichung auf anderen Websites. Wir behalten uns rechtliche Schritte bei unberechtigter Nutzung vor. Sollten Sie auf dieser Website Inhalte finden, die gegen das Urheberrecht versto\u00dfen, bitten wir Sie, uns zu kontaktieren.<\/span><\/p>\n<p>[\/et_pb_text][\/et_pb_column][\/et_pb_row][\/et_pb_section]<\/p>\n","protected":false},"excerpt":{"rendered":"<p>CONTRACT COST CARE LTDMytilinis 463048 LimassolZypernTel: +4982145546399Mail: contract(at)costcare.ccGeneral Manager: Zoran Popov Handelsregister: Hauptregister Nikosia, ZypernFirmenbuchnummer: HE 465057USt-IdNr.: CY60096576QBankverbindung: Hellenic Bank, LimassolIBAN: CY420050027500027501H5359401BIC\/SWIFT: HEBACY2N Kontaktdaten des Datenschutzbeauftragten: Zoran Popovdataprotect(at)costcare.ccImpressum: https:\/\/costcare.cc\/de\/impressum &gt;&gt;&gt; and for EN-site https:\/\/costcare.cc\/imprintWebsite, Umsetzung und Design: CCC Ltd.Fotos: canva.com Haftungsausschluss f\u00fcr Website-Inhalte:Wir sind stets bem\u00fcht, die Inhalte dieser Website korrekt und aktuell zu halten. [&hellip;]<\/p>\n","protected":false},"author":1,"featured_media":0,"parent":0,"menu_order":0,"comment_status":"closed","ping_status":"closed","template":"","meta":{"_et_pb_use_builder":"on","_et_pb_old_content":"","_et_gb_content_width":"","footnotes":""},"dipi_cpt_category":[],"difl_page_category":[],"class_list":["post-22990988","page","type-page","status-publish","hentry"],"yoast_head":"<!-- This site is optimized with the Yoast SEO Premium plugin v27.6 (Yoast SEO v27.6) - https:\/\/yoast.com\/product\/yoast-seo-premium-wordpress\/ -->\n<title>Impressum - Contract Cost Care Ltd.<\/title>\n<meta name=\"robots\" content=\"index, follow, max-snippet:-1, max-image-preview:large, max-video-preview:-1\" \/>\n<link rel=\"canonical\" href=\"https:\/\/costcare.cc\/de\/impressum\/\" \/>\n<meta property=\"og:locale\" content=\"de_DE\" \/>\n<meta property=\"og:type\" content=\"article\" \/>\n<meta property=\"og:title\" content=\"Impressum\" \/>\n<meta property=\"og:description\" content=\"CONTRACT COST CARE LTDMytilinis 463048 LimassolZypernTel: +4982145546399Mail: contract(at)costcare.ccGeneral Manager: Zoran Popov Handelsregister: Hauptregister Nikosia, ZypernFirmenbuchnummer: HE 465057USt-IdNr.: CY60096576QBankverbindung: Hellenic Bank, LimassolIBAN: CY420050027500027501H5359401BIC\/SWIFT: HEBACY2N Kontaktdaten des Datenschutzbeauftragten: Zoran Popovdataprotect(at)costcare.ccImpressum: https:\/\/costcare.cc\/de\/impressum &gt;&gt;&gt; and for EN-site https:\/\/costcare.cc\/imprintWebsite, Umsetzung und Design: CCC Ltd.Fotos: canva.com Haftungsausschluss f\u00fcr Website-Inhalte:Wir sind stets bem\u00fcht, die Inhalte dieser Website korrekt und aktuell zu halten. [&hellip;]\" \/>\n<meta property=\"og:url\" content=\"https:\/\/costcare.cc\/de\/impressum\/\" \/>\n<meta property=\"og:site_name\" content=\"Contract Cost Care Ltd.\" \/>\n<meta property=\"article:modified_time\" content=\"2026-04-27T10:12:21+00:00\" \/>\n<meta name=\"twitter:card\" content=\"summary_large_image\" \/>\n<meta name=\"twitter:label1\" content=\"Gesch\u00e4tzte Lesezeit\" \/>\n\t<meta name=\"twitter:data1\" content=\"2\u00a0Minuten\" \/>\n<script type=\"application\/ld+json\" class=\"yoast-schema-graph\">{\"@context\":\"https:\\\/\\\/schema.org\",\"@graph\":[{\"@type\":\"WebPage\",\"@id\":\"https:\\\/\\\/costcare.cc\\\/de\\\/impressum\\\/\",\"url\":\"https:\\\/\\\/costcare.cc\\\/de\\\/impressum\\\/\",\"name\":\"Impressum - Contract Cost Care Ltd.\",\"isPartOf\":{\"@id\":\"https:\\\/\\\/costcare.cc\\\/#website\"},\"datePublished\":\"2025-03-12T14:47:59+00:00\",\"dateModified\":\"2026-04-27T10:12:21+00:00\",\"breadcrumb\":{\"@id\":\"https:\\\/\\\/costcare.cc\\\/de\\\/impressum\\\/#breadcrumb\"},\"inLanguage\":\"de\",\"potentialAction\":[{\"@type\":\"ReadAction\",\"target\":[\"https:\\\/\\\/costcare.cc\\\/de\\\/impressum\\\/\"]}]},{\"@type\":\"BreadcrumbList\",\"@id\":\"https:\\\/\\\/costcare.cc\\\/de\\\/impressum\\\/#breadcrumb\",\"itemListElement\":[{\"@type\":\"ListItem\",\"position\":1,\"name\":\"Home\",\"item\":\"https:\\\/\\\/costcare.cc\\\/\"},{\"@type\":\"ListItem\",\"position\":2,\"name\":\"Impressum\"}]},{\"@type\":\"WebSite\",\"@id\":\"https:\\\/\\\/costcare.cc\\\/#website\",\"url\":\"https:\\\/\\\/costcare.cc\\\/\",\"name\":\"Contract Care\",\"description\":\"maximum efficiency and cost saving for your medical treatment systems\",\"publisher\":{\"@id\":\"https:\\\/\\\/costcare.cc\\\/#organization\"},\"potentialAction\":[{\"@type\":\"SearchAction\",\"target\":{\"@type\":\"EntryPoint\",\"urlTemplate\":\"https:\\\/\\\/costcare.cc\\\/?s={search_term_string}\"},\"query-input\":{\"@type\":\"PropertyValueSpecification\",\"valueRequired\":true,\"valueName\":\"search_term_string\"}}],\"inLanguage\":\"de\"},{\"@type\":\"Organization\",\"@id\":\"https:\\\/\\\/costcare.cc\\\/#organization\",\"name\":\"Contract Care\",\"url\":\"https:\\\/\\\/costcare.cc\\\/\",\"logo\":{\"@type\":\"ImageObject\",\"inLanguage\":\"de\",\"@id\":\"https:\\\/\\\/costcare.cc\\\/#\\\/schema\\\/logo\\\/image\\\/\",\"url\":\"https:\\\/\\\/costcare.cc\\\/wp-content\\\/uploads\\\/2024\\\/12\\\/logo.svg\",\"contentUrl\":\"https:\\\/\\\/costcare.cc\\\/wp-content\\\/uploads\\\/2024\\\/12\\\/logo.svg\",\"width\":1094,\"height\":441,\"caption\":\"Contract Care\"},\"image\":{\"@id\":\"https:\\\/\\\/costcare.cc\\\/#\\\/schema\\\/logo\\\/image\\\/\"}}]}<\/script>\n<!-- \/ Yoast SEO Premium plugin. -->","yoast_head_json":{"title":"Impressum - Contract Cost Care Ltd.","robots":{"index":"index","follow":"follow","max-snippet":"max-snippet:-1","max-image-preview":"max-image-preview:large","max-video-preview":"max-video-preview:-1"},"canonical":"https:\/\/costcare.cc\/de\/impressum\/","og_locale":"de_DE","og_type":"article","og_title":"Impressum","og_description":"CONTRACT COST CARE LTDMytilinis 463048 LimassolZypernTel: +4982145546399Mail: contract(at)costcare.ccGeneral Manager: Zoran Popov Handelsregister: Hauptregister Nikosia, ZypernFirmenbuchnummer: HE 465057USt-IdNr.: CY60096576QBankverbindung: Hellenic Bank, LimassolIBAN: CY420050027500027501H5359401BIC\/SWIFT: HEBACY2N Kontaktdaten des Datenschutzbeauftragten: Zoran Popovdataprotect(at)costcare.ccImpressum: https:\/\/costcare.cc\/de\/impressum &gt;&gt;&gt; and for EN-site https:\/\/costcare.cc\/imprintWebsite, Umsetzung und Design: CCC Ltd.Fotos: canva.com Haftungsausschluss f\u00fcr Website-Inhalte:Wir sind stets bem\u00fcht, die Inhalte dieser Website korrekt und aktuell zu halten. [&hellip;]","og_url":"https:\/\/costcare.cc\/de\/impressum\/","og_site_name":"Contract Cost Care Ltd.","article_modified_time":"2026-04-27T10:12:21+00:00","twitter_card":"summary_large_image","twitter_misc":{"Gesch\u00e4tzte Lesezeit":"2\u00a0Minuten"},"schema":{"@context":"https:\/\/schema.org","@graph":[{"@type":"WebPage","@id":"https:\/\/costcare.cc\/de\/impressum\/","url":"https:\/\/costcare.cc\/de\/impressum\/","name":"Impressum - Contract Cost Care Ltd.","isPartOf":{"@id":"https:\/\/costcare.cc\/#website"},"datePublished":"2025-03-12T14:47:59+00:00","dateModified":"2026-04-27T10:12:21+00:00","breadcrumb":{"@id":"https:\/\/costcare.cc\/de\/impressum\/#breadcrumb"},"inLanguage":"de","potentialAction":[{"@type":"ReadAction","target":["https:\/\/costcare.cc\/de\/impressum\/"]}]},{"@type":"BreadcrumbList","@id":"https:\/\/costcare.cc\/de\/impressum\/#breadcrumb","itemListElement":[{"@type":"ListItem","position":1,"name":"Home","item":"https:\/\/costcare.cc\/"},{"@type":"ListItem","position":2,"name":"Impressum"}]},{"@type":"WebSite","@id":"https:\/\/costcare.cc\/#website","url":"https:\/\/costcare.cc\/","name":"Contract Care","description":"maximum efficiency and cost saving for your medical treatment systems","publisher":{"@id":"https:\/\/costcare.cc\/#organization"},"potentialAction":[{"@type":"SearchAction","target":{"@type":"EntryPoint","urlTemplate":"https:\/\/costcare.cc\/?s={search_term_string}"},"query-input":{"@type":"PropertyValueSpecification","valueRequired":true,"valueName":"search_term_string"}}],"inLanguage":"de"},{"@type":"Organization","@id":"https:\/\/costcare.cc\/#organization","name":"Contract Care","url":"https:\/\/costcare.cc\/","logo":{"@type":"ImageObject","inLanguage":"de","@id":"https:\/\/costcare.cc\/#\/schema\/logo\/image\/","url":"https:\/\/costcare.cc\/wp-content\/uploads\/2024\/12\/logo.svg","contentUrl":"https:\/\/costcare.cc\/wp-content\/uploads\/2024\/12\/logo.svg","width":1094,"height":441,"caption":"Contract Care"},"image":{"@id":"https:\/\/costcare.cc\/#\/schema\/logo\/image\/"}}]}},"_links":{"self":[{"href":"https:\/\/costcare.cc\/de\/wp-json\/wp\/v2\/pages\/22990988","targetHints":{"allow":["GET"]}}],"collection":[{"href":"https:\/\/costcare.cc\/de\/wp-json\/wp\/v2\/pages"}],"about":[{"href":"https:\/\/costcare.cc\/de\/wp-json\/wp\/v2\/types\/page"}],"author":[{"embeddable":true,"href":"https:\/\/costcare.cc\/de\/wp-json\/wp\/v2\/users\/1"}],"replies":[{"embeddable":true,"href":"https:\/\/costcare.cc\/de\/wp-json\/wp\/v2\/comments?post=22990988"}],"version-history":[{"count":10,"href":"https:\/\/costcare.cc\/de\/wp-json\/wp\/v2\/pages\/22990988\/revisions"}],"predecessor-version":[{"id":22991732,"href":"https:\/\/costcare.cc\/de\/wp-json\/wp\/v2\/pages\/22990988\/revisions\/22991732"}],"wp:attachment":[{"href":"https:\/\/costcare.cc\/de\/wp-json\/wp\/v2\/media?parent=22990988"}],"wp:term":[{"taxonomy":"dipi_cpt_category","embeddable":true,"href":"https:\/\/costcare.cc\/de\/wp-json\/wp\/v2\/dipi_cpt_category?post=22990988"},{"taxonomy":"difl_page_category","embeddable":true,"href":"https:\/\/costcare.cc\/de\/wp-json\/wp\/v2\/difl_page_category?post=22990988"}],"curies":[{"name":"wp","href":"https:\/\/api.w.org\/{rel}","templated":true}]}}